{"id":256,"date":"2023-07-31T22:28:11","date_gmt":"2023-07-31T22:28:11","guid":{"rendered":"https:\/\/www.hypnotherapynearme.net\/?page_id=256"},"modified":"2024-03-04T22:23:39","modified_gmt":"2024-03-04T22:23:39","slug":"hypnotic-gastric-band","status":"publish","type":"page","link":"https:\/\/www.hypnotherapynearme.net\/pt\/hypnotic-gastric-band\/","title":{"rendered":"Banda G\u00e1strica Hipn\u00f3tica"},"content":{"rendered":"<h2 class=\"wp-block-heading\">Perca Peso de forma R\u00e1pida e Permanente<\/h2>\n\n\n\n<div class=\"wp-block-columns is-layout-flex wp-container-core-columns-is-layout-1 wp-block-columns-is-layout-flex\">\n<div class=\"wp-block-column is-layout-flow wp-block-column-is-layout-flow\">\n<figure class=\"wp-block-image aligncenter size-large\"><img loading=\"lazy\" decoding=\"async\" width=\"1024\" height=\"683\" src=\"https:\/\/www.hypnotherapynearme.net\/wp-content\/uploads\/2023\/07\/front-view-young-female-sport-outfit-measuring-her-sizes-waist-1024x683.jpg\" alt=\"\" class=\"wp-image-258\" srcset=\"https:\/\/www.hypnotherapynearme.net\/wp-content\/uploads\/2023\/07\/front-view-young-female-sport-outfit-measuring-her-sizes-waist-1024x683.jpg 1024w, https:\/\/www.hypnotherapynearme.net\/wp-content\/uploads\/2023\/07\/front-view-young-female-sport-outfit-measuring-her-sizes-waist-300x200.jpg 300w, https:\/\/www.hypnotherapynearme.net\/wp-content\/uploads\/2023\/07\/front-view-young-female-sport-outfit-measuring-her-sizes-waist-768x512.jpg 768w, https:\/\/www.hypnotherapynearme.net\/wp-content\/uploads\/2023\/07\/front-view-young-female-sport-outfit-measuring-her-sizes-waist-1536x1024.jpg 1536w, https:\/\/www.hypnotherapynearme.net\/wp-content\/uploads\/2023\/07\/front-view-young-female-sport-outfit-measuring-her-sizes-waist-2048x1365.jpg 2048w\" sizes=\"auto, (max-width: 1024px) 100vw, 1024px\" \/><\/figure>\n\n\n\n<p class=\"has-text-align-center has-foreground-color has-text-color\"><strong>Experimente o poder da nossa terapia hipn\u00f3tica de banda g\u00e1strica e transforme sua rela\u00e7\u00e3o com a comida. Diga adeus \u00e0 dieta ioi\u00f4 e ol\u00e1 a uma pessoa mais saud\u00e1vel e confiante. <\/strong><\/p>\n<\/div>\n\n\n\n<div class=\"wp-block-column is-layout-flow wp-block-column-is-layout-flow\">\n<figure class=\"wp-block-image aligncenter size-large\"><img loading=\"lazy\" decoding=\"async\" width=\"1024\" height=\"683\" src=\"https:\/\/www.hypnotherapynearme.net\/wp-content\/uploads\/2023\/07\/front-view-young-female-sport-outfit-holding-scales-white-wall-fit-body-sport-beauty-health-exercises-1024x683.jpg\" alt=\"\" class=\"wp-image-259\" srcset=\"https:\/\/www.hypnotherapynearme.net\/wp-content\/uploads\/2023\/07\/front-view-young-female-sport-outfit-holding-scales-white-wall-fit-body-sport-beauty-health-exercises-1024x683.jpg 1024w, https:\/\/www.hypnotherapynearme.net\/wp-content\/uploads\/2023\/07\/front-view-young-female-sport-outfit-holding-scales-white-wall-fit-body-sport-beauty-health-exercises-300x200.jpg 300w, https:\/\/www.hypnotherapynearme.net\/wp-content\/uploads\/2023\/07\/front-view-young-female-sport-outfit-holding-scales-white-wall-fit-body-sport-beauty-health-exercises-768x512.jpg 768w, https:\/\/www.hypnotherapynearme.net\/wp-content\/uploads\/2023\/07\/front-view-young-female-sport-outfit-holding-scales-white-wall-fit-body-sport-beauty-health-exercises-1536x1024.jpg 1536w, https:\/\/www.hypnotherapynearme.net\/wp-content\/uploads\/2023\/07\/front-view-young-female-sport-outfit-holding-scales-white-wall-fit-body-sport-beauty-health-exercises-2048x1365.jpg 2048w\" sizes=\"auto, (max-width: 1024px) 100vw, 1024px\" \/><\/figure>\n\n\n\n<p class=\"has-text-align-center has-foreground-color has-text-color\"><strong>Livre-se daqueles quilos indesejados de forma natural e sem esfor\u00e7o, sem a necessidade de cirurgia ou dietas restritivas e mantenha essa decis\u00e3o por toda a vida.<\/strong><\/p>\n<\/div>\n\n\n\n<div class=\"wp-block-column is-layout-flow wp-block-column-is-layout-flow\">\n<figure class=\"wp-block-image aligncenter size-large\"><img loading=\"lazy\" decoding=\"async\" width=\"1024\" height=\"683\" src=\"https:\/\/www.hypnotherapynearme.net\/wp-content\/uploads\/2023\/07\/close-up-woman-holding-tape-measure-her-fit-waist-1024x683.jpg\" alt=\"\" class=\"wp-image-260\" srcset=\"https:\/\/www.hypnotherapynearme.net\/wp-content\/uploads\/2023\/07\/close-up-woman-holding-tape-measure-her-fit-waist-1024x683.jpg 1024w, https:\/\/www.hypnotherapynearme.net\/wp-content\/uploads\/2023\/07\/close-up-woman-holding-tape-measure-her-fit-waist-300x200.jpg 300w, https:\/\/www.hypnotherapynearme.net\/wp-content\/uploads\/2023\/07\/close-up-woman-holding-tape-measure-her-fit-waist-768x512.jpg 768w, https:\/\/www.hypnotherapynearme.net\/wp-content\/uploads\/2023\/07\/close-up-woman-holding-tape-measure-her-fit-waist-1536x1024.jpg 1536w, https:\/\/www.hypnotherapynearme.net\/wp-content\/uploads\/2023\/07\/close-up-woman-holding-tape-measure-her-fit-waist-2048x1365.jpg 2048w\" sizes=\"auto, (max-width: 1024px) 100vw, 1024px\" \/><\/figure>\n\n\n\n<p class=\"has-text-align-center has-foreground-color has-text-color\"><strong>Com o nosso m\u00e9todo comprovado, pode adotar um estilo de vida novo e sustent\u00e1vel, livre das lutas contra o peso excessivo. Desbloqueie o potencial que existe dentro de si e assuma o controle de sua sa\u00fade e bem-estar.<\/strong><\/p>\n<\/div>\n<\/div>\n\n\n\n<p class=\"has-foreground-color has-text-color\">O excesso de peso \u00e9 um problema global com consequ\u00eancias significativas para a sa\u00fade f\u00edsica e mental. No campo da hipnoterapia, a t\u00e9cnica mais eficaz no combate ao excesso de peso \u00e9 a Banda G\u00e1strica Hipn\u00f3tica, que combina diversas \u00e1reas da psicoterapia. Dentre as diferentes t\u00e9cnicas de perda de peso em hipnose, a Banda G\u00e1strica Hipn\u00f3tica apresenta os melhores resultados, com mais de 80% de efic\u00e1cia. Ap\u00f3s extensa pesquisa e colabora\u00e7\u00e3o com especialistas, a Transpersonal International\u2122 desenvolveu a exclusiva Hypnotic Gastric Band\u00a9, que \u00e9 o m\u00e9todo que seguimos, incorporando t\u00e9cnicas avan\u00e7adas de modelos internacionais para criar uma terapia altamente eficaz com resultados duradouros e sem manuten\u00e7\u00e3o ou efeitos colaterais indesejados.<\/p>\n\n\n\n<p class=\"has-text-align-left has-foreground-color has-text-color has-medium-font-size\"><strong>Para quem \u00e9 a banda g\u00e1strica ?<\/strong><\/p>\n\n\n\n<p class=\"has-foreground-color has-text-color\">Destina-se a todos os indiv\u00edduos que desejam perder peso por motivos de sa\u00fade ou por motivos puramente est\u00e9ticos.<\/p>\n\n\n\n<p class=\"has-foreground-color has-text-color\">Destina-se a todos os indiv\u00edduos que j\u00e1 experimentaram outros m\u00e9todos tradicionais de perda de peso, como dietas diversas, rotinas de exerc\u00edcios ou mesmo medicamentos, sem alcan\u00e7ar os resultados desejados por diversos motivos, incluindo a impossibilidade de seguir os planos estabelecidos.<\/p>\n\n\n\n<p class=\"has-foreground-color has-text-color has-medium-font-size\"><strong>Como funciona?<\/strong><\/p>\n\n\n\n<p class=\"has-foreground-color has-text-color\">A t\u00e9cnica da Banda G\u00e1strica Hipn\u00f3tica consiste em 6 consultas, incluindo 5 sess\u00f5es de hipnoterapia.<\/p>\n\n\n\n<p class=\"has-foreground-color has-text-color\">Atrav\u00e9s de t\u00e9cnicas de hipnoterapia, voc\u00ea ser\u00e1 guiado a um estado de relaxamento profundo e agrad\u00e1vel, durante o qual ocorrer\u00e3o diversos processos:<\/p>\n\n\n\n<p><\/p>\n\n\n\n<ul class=\"has-foreground-color has-text-color wp-block-list\">\n<li>Compreender os padr\u00f5es alimentares;<\/li>\n\n\n\n<li>Descobrir as causas profundas da \u201cfome emocional\u201d;<\/li>\n\n\n\n<li>Removendo o mecanismo de prote\u00e7\u00e3o da mente fornecido pela gordura;<\/li>\n\n\n\n<li>Hypnodiet, uma dieta feita por voc\u00ea, para voc\u00ea;<\/li>\n\n\n\n<li>Compreender, integrar ou ressignificar emo\u00e7\u00f5es ligadas \u00e0 \u201cfome emocional\u201d;<\/li>\n\n\n\n<li>Remo\u00e7\u00e3o de todos os acontecimentos e experi\u00eancias que levaram ao excesso de peso;<\/li>\n\n\n\n<li>Instala\u00e7\u00e3o da banda g\u00e1strica hipn\u00f3tica\/virtual\/imagin\u00e1ria, utilizando o forte poder da sugest\u00e3o na hipnose, onde a mente inconsciente assume que foi instalada uma banda g\u00e1strica real, levando a uma sensa\u00e7\u00e3o de saciedade muito mais r\u00e1pida;<\/li>\n\n\n\n<li>Estabelecer h\u00e1bitos alimentares e estilo de vida mais saud\u00e1veis;<\/li>\n\n\n\n<li>Aumentar a motiva\u00e7\u00e3o para o exerc\u00edcio f\u00edsico escolhido;<\/li>\n\n\n\n<li>Fortalecimento da autoestima, autoconfian\u00e7a e resili\u00eancia.<\/li>\n<\/ul>\n\n\n\n<p class=\"has-foreground-color has-text-color\">Com a t\u00e9cnica da Banda G\u00e1strica Hipn\u00f3tica para perda de peso, voc\u00ea se sentir\u00e1 mais rapidamente satisfeito ao comer, como se tivesse feito o procedimento de banda g\u00e1strica propriamente dito. Voc\u00ea desenvolver\u00e1 uma percep\u00e7\u00e3o diferente e mais saud\u00e1vel da comida e de si mesmo, sentindo-se mais motivado a adotar h\u00e1bitos alimentares e de estilo de vida alinhados ao seu objetivo: <strong>perder peso, melhorar a sa\u00fade e aumentar a felicidade!<\/strong><\/p>\n\n\n\n<p class=\"has-text-align-center has-primary-color has-text-color has-large-font-size\"><strong>5 sess\u00f5es de hipnose (mais uma primeira consulta) <\/strong><\/p>\n\n\n\n<p class=\"has-text-align-center has-foreground-color has-text-color has-large-font-size\"><strong>Pre\u00e7o: 500\u20ac \/500\u00a3<\/strong><\/p>\n\n\n\n<div class=\"wp-block-buttons is-content-justification-center is-layout-flex wp-container-core-buttons-is-layout-1 wp-block-buttons-is-layout-flex\">\n<div class=\"wp-block-button\"><a class=\"wp-block-button__link wp-element-button\" href=\"https:\/\/booking.setmore.com\/scheduleappointment\/c309ef40-76fc-4b0f-8775-b449d9bcff48\/services\/4edbcf19-6efa-4c85-8087-8b4ad6310083?source=easyshare\">Marque Agora<\/a><\/div>\n<\/div>\n\n\n\n<div class=\"wp-block-columns is-layout-flex wp-container-core-columns-is-layout-3 wp-block-columns-is-layout-flex\">\n<div class=\"wp-block-column is-layout-flow wp-block-column-is-layout-flow\">\n<p class=\"has-text-align-center has-foreground-color has-text-color has-large-font-size\"><strong>Comece a perder peso agora<\/strong>!  <\/p>\n\n\n\n<div class=\"wp-block-columns is-layout-flex wp-container-core-columns-is-layout-2 wp-block-columns-is-layout-flex\">\n<div class=\"wp-block-column is-layout-flow wp-block-column-is-layout-flow\">\n<figure class=\"wp-block-image size-large is-resized\"><img loading=\"lazy\" decoding=\"async\" width=\"1024\" height=\"576\" src=\"https:\/\/www.hypnotherapynearme.net\/wp-content\/uploads\/2023\/07\/portrait-woman-showing-her-weight-loss-3-edited-1024x576.jpg\" alt=\"\" class=\"wp-image-178\" style=\"width:364px;height:204px\" srcset=\"https:\/\/www.hypnotherapynearme.net\/wp-content\/uploads\/2023\/07\/portrait-woman-showing-her-weight-loss-3-edited-1024x576.jpg 1024w, https:\/\/www.hypnotherapynearme.net\/wp-content\/uploads\/2023\/07\/portrait-woman-showing-her-weight-loss-3-edited-300x169.jpg 300w, https:\/\/www.hypnotherapynearme.net\/wp-content\/uploads\/2023\/07\/portrait-woman-showing-her-weight-loss-3-edited-768x432.jpg 768w, https:\/\/www.hypnotherapynearme.net\/wp-content\/uploads\/2023\/07\/portrait-woman-showing-her-weight-loss-3-edited-1536x863.jpg 1536w, https:\/\/www.hypnotherapynearme.net\/wp-content\/uploads\/2023\/07\/portrait-woman-showing-her-weight-loss-3-edited-2048x1151.jpg 2048w\" sizes=\"auto, (max-width: 1024px) 100vw, 1024px\" \/><\/figure>\n<\/div>\n\n\n\n<div class=\"wp-block-column is-layout-flow wp-block-column-is-layout-flow\">\n<p class=\"has-foreground-color has-text-color\"><strong>Comece a perder peso hoje!<\/strong><br>Voc\u00ea desenvolver\u00e1 uma percep\u00e7\u00e3o diferente e mais saud\u00e1vel da comida e de si mesmo, sentindo-se mais motivado a mudar h\u00e1bitos alimentares e de estilo de vida que se alinhem com o objetivo que voc\u00ea definiu para si mesmo: perder peso, melhorar a sa\u00fade e ser mais feliz!<\/p>\n\n\n\n<p class=\"has-primary-color has-text-color has-medium-font-size\"><strong>Voc\u00ea se sentir\u00e1 mais feliz, mais saud\u00e1vel e com mais autoestima!<\/strong><\/p>\n<\/div>\n<\/div>\n<\/div>\n<\/div>\n\n\n\n<div class=\"wp-block-buttons is-content-justification-center is-layout-flex wp-container-core-buttons-is-layout-2 wp-block-buttons-is-layout-flex\">\n<div class=\"wp-block-button\"><a class=\"wp-block-button__link wp-element-button\" href=\"https:\/\/booking.setmore.com\/scheduleappointment\/c309ef40-76fc-4b0f-8775-b449d9bcff48\/services\/4edbcf19-6efa-4c85-8087-8b4ad6310083?source=easyshare\">Marque Agora<\/a><\/div>\n<\/div>\n\n\n\n<p><\/p>\n\n\n\n<figure class=\"wp-block-video\"><video controls src=\"https:\/\/www.hypnotherapynearme.net\/wp-content\/uploads\/2023\/08\/finalgastricband-1.mp4\"><\/video><\/figure>\n\n\n\n<figure class=\"wp-block-image size-full is-resized\"><img loading=\"lazy\" decoding=\"async\" width=\"500\" height=\"198\" src=\"https:\/\/www.hypnotherapynearme.net\/wp-content\/uploads\/2023\/07\/logo.png\" alt=\"\" class=\"wp-image-222\" style=\"width:750px;height:297px\" srcset=\"https:\/\/www.hypnotherapynearme.net\/wp-content\/uploads\/2023\/07\/logo.png 500w, https:\/\/www.hypnotherapynearme.net\/wp-content\/uploads\/2023\/07\/logo-300x119.png 300w\" sizes=\"auto, (max-width: 500px) 100vw, 500px\" \/><\/figure>\n\n\n\n<div class=\"wp-block-buttons is-content-justification-center is-layout-flex wp-container-core-buttons-is-layout-3 wp-block-buttons-is-layout-flex\">\n<div class=\"wp-block-button\"><a class=\"wp-block-button__link wp-element-button\" href=\"https:\/\/www.hypnotherapynearme.net\/pt\/book-now-your-appointment\/\">Marque a sua Consulta GRATUITA AGORA<\/a><\/div>\n<\/div>","protected":false},"excerpt":{"rendered":"<p>Lose Weight Quickly and Permanently Experience the power of our hypnotic gastric band therapy and [&hellip;]<\/p>","protected":false},"author":1,"featured_media":200,"parent":0,"menu_order":0,"comment_status":"closed","ping_status":"open","template":"","meta":{"footnotes":""},"class_list":["post-256","page","type-page","status-publish","has-post-thumbnail","hentry"],"yoast_head":"<!-- This site is optimized with the Yoast SEO plugin v23.6 - https:\/\/yoast.com\/wordpress\/plugins\/seo\/ -->\n<title>Hypnotic Gastric Band - Hypnotherapy<\/title>\n<meta name=\"robots\" content=\"index, follow, max-snippet:-1, max-image-preview:large, max-video-preview:-1\" \/>\n<link rel=\"canonical\" href=\"https:\/\/www.hypnotherapynearme.net\/pt\/hypnotic-gastric-band\/\" \/>\n<meta property=\"og:locale\" content=\"pt_PT\" \/>\n<meta property=\"og:type\" content=\"article\" \/>\n<meta property=\"og:title\" content=\"Hypnotic Gastric Band - Hypnotherapy\" \/>\n<meta property=\"og:description\" content=\"Lose Weight Quickly and Permanently Experience the power of our hypnotic gastric band therapy and [&hellip;]\" \/>\n<meta property=\"og:url\" content=\"https:\/\/www.hypnotherapynearme.net\/pt\/hypnotic-gastric-band\/\" \/>\n<meta property=\"og:site_name\" content=\"Hypnotherapy\" \/>\n<meta property=\"article:publisher\" content=\"https:\/\/www.facebook.com\/profile.php?id=61550290147246\" \/>\n<meta property=\"article:modified_time\" content=\"2024-03-04T22:23:39+00:00\" \/>\n<meta property=\"og:image\" content=\"https:\/\/www.hypnotherapynearme.net\/wp-content\/uploads\/2023\/07\/sided-view-young-girl-talking-therapist-scaled.jpg\" \/>\n\t<meta property=\"og:image:width\" content=\"2560\" \/>\n\t<meta property=\"og:image:height\" content=\"1703\" \/>\n\t<meta property=\"og:image:type\" content=\"image\/jpeg\" \/>\n<meta name=\"twitter:card\" content=\"summary_large_image\" \/>\n<meta name=\"twitter:site\" content=\"@Hypnosis_Near\" \/>\n<meta name=\"twitter:label1\" content=\"Tempo estimado de leitura\" \/>\n\t<meta name=\"twitter:data1\" content=\"4 minutos\" \/>\n<script type=\"application\/ld+json\" class=\"yoast-schema-graph\">{\"@context\":\"https:\/\/schema.org\",\"@graph\":[{\"@type\":\"WebPage\",\"@id\":\"https:\/\/www.hypnotherapynearme.net\/hypnotic-gastric-band\/\",\"url\":\"https:\/\/www.hypnotherapynearme.net\/hypnotic-gastric-band\/\",\"name\":\"Hypnotic Gastric Band - Hypnotherapy\",\"isPartOf\":{\"@id\":\"https:\/\/www.hypnotherapynearme.net\/#website\"},\"primaryImageOfPage\":{\"@id\":\"https:\/\/www.hypnotherapynearme.net\/hypnotic-gastric-band\/#primaryimage\"},\"image\":{\"@id\":\"https:\/\/www.hypnotherapynearme.net\/hypnotic-gastric-band\/#primaryimage\"},\"thumbnailUrl\":\"https:\/\/www.hypnotherapynearme.net\/wp-content\/uploads\/2023\/07\/sided-view-young-girl-talking-therapist-scaled.jpg\",\"datePublished\":\"2023-07-31T22:28:11+00:00\",\"dateModified\":\"2024-03-04T22:23:39+00:00\",\"breadcrumb\":{\"@id\":\"https:\/\/www.hypnotherapynearme.net\/hypnotic-gastric-band\/#breadcrumb\"},\"inLanguage\":\"pt-PT\",\"potentialAction\":[{\"@type\":\"ReadAction\",\"target\":[\"https:\/\/www.hypnotherapynearme.net\/hypnotic-gastric-band\/\"]}]},{\"@type\":\"ImageObject\",\"inLanguage\":\"pt-PT\",\"@id\":\"https:\/\/www.hypnotherapynearme.net\/hypnotic-gastric-band\/#primaryimage\",\"url\":\"https:\/\/www.hypnotherapynearme.net\/wp-content\/uploads\/2023\/07\/sided-view-young-girl-talking-therapist-scaled.jpg\",\"contentUrl\":\"https:\/\/www.hypnotherapynearme.net\/wp-content\/uploads\/2023\/07\/sided-view-young-girl-talking-therapist-scaled.jpg\",\"width\":2560,\"height\":1703},{\"@type\":\"BreadcrumbList\",\"@id\":\"https:\/\/www.hypnotherapynearme.net\/hypnotic-gastric-band\/#breadcrumb\",\"itemListElement\":[{\"@type\":\"ListItem\",\"position\":1,\"name\":\"Home\",\"item\":\"https:\/\/www.hypnotherapynearme.net\/\"},{\"@type\":\"ListItem\",\"position\":2,\"name\":\"Hypnotic Gastric Band\"}]},{\"@type\":\"WebSite\",\"@id\":\"https:\/\/www.hypnotherapynearme.net\/#website\",\"url\":\"https:\/\/www.hypnotherapynearme.net\/\",\"name\":\"Hypnotherapy Near Me\",\"description\":\"Unlock you potential. Transform your life.\",\"publisher\":{\"@id\":\"https:\/\/www.hypnotherapynearme.net\/#organization\"},\"potentialAction\":[{\"@type\":\"SearchAction\",\"target\":{\"@type\":\"EntryPoint\",\"urlTemplate\":\"https:\/\/www.hypnotherapynearme.net\/?s={search_term_string}\"},\"query-input\":{\"@type\":\"PropertyValueSpecification\",\"valueRequired\":true,\"valueName\":\"search_term_string\"}}],\"inLanguage\":\"pt-PT\"},{\"@type\":\"Organization\",\"@id\":\"https:\/\/www.hypnotherapynearme.net\/#organization\",\"name\":\"Hypnotherapy Near Me\",\"url\":\"https:\/\/www.hypnotherapynearme.net\/\",\"logo\":{\"@type\":\"ImageObject\",\"inLanguage\":\"pt-PT\",\"@id\":\"https:\/\/www.hypnotherapynearme.net\/#\/schema\/logo\/image\/\",\"url\":\"https:\/\/www.hypnotherapynearme.net\/wp-content\/uploads\/2023\/07\/logo.png\",\"contentUrl\":\"https:\/\/www.hypnotherapynearme.net\/wp-content\/uploads\/2023\/07\/logo.png\",\"width\":500,\"height\":198,\"caption\":\"Hypnotherapy Near Me\"},\"image\":{\"@id\":\"https:\/\/www.hypnotherapynearme.net\/#\/schema\/logo\/image\/\"},\"sameAs\":[\"https:\/\/www.facebook.com\/profile.php?id=61550290147246\",\"https:\/\/x.com\/Hypnosis_Near\",\"https:\/\/www.instagram.com\/hypnotherapynearme\/\"]}]}<\/script>\n<!-- \/ Yoast SEO plugin. -->","yoast_head_json":{"title":"Hypnotic Gastric Band - Hypnotherapy","robots":{"index":"index","follow":"follow","max-snippet":"max-snippet:-1","max-image-preview":"max-image-preview:large","max-video-preview":"max-video-preview:-1"},"canonical":"https:\/\/www.hypnotherapynearme.net\/pt\/hypnotic-gastric-band\/","og_locale":"pt_PT","og_type":"article","og_title":"Hypnotic Gastric Band - Hypnotherapy","og_description":"Lose Weight Quickly and Permanently Experience the power of our hypnotic gastric band therapy and [&hellip;]","og_url":"https:\/\/www.hypnotherapynearme.net\/pt\/hypnotic-gastric-band\/","og_site_name":"Hypnotherapy","article_publisher":"https:\/\/www.facebook.com\/profile.php?id=61550290147246","article_modified_time":"2024-03-04T22:23:39+00:00","og_image":[{"width":2560,"height":1703,"url":"https:\/\/www.hypnotherapynearme.net\/wp-content\/uploads\/2023\/07\/sided-view-young-girl-talking-therapist-scaled.jpg","type":"image\/jpeg"}],"twitter_card":"summary_large_image","twitter_site":"@Hypnosis_Near","twitter_misc":{"Tempo estimado de leitura":"4 minutos"},"schema":{"@context":"https:\/\/schema.org","@graph":[{"@type":"WebPage","@id":"https:\/\/www.hypnotherapynearme.net\/hypnotic-gastric-band\/","url":"https:\/\/www.hypnotherapynearme.net\/hypnotic-gastric-band\/","name":"Hypnotic Gastric Band - Hypnotherapy","isPartOf":{"@id":"https:\/\/www.hypnotherapynearme.net\/#website"},"primaryImageOfPage":{"@id":"https:\/\/www.hypnotherapynearme.net\/hypnotic-gastric-band\/#primaryimage"},"image":{"@id":"https:\/\/www.hypnotherapynearme.net\/hypnotic-gastric-band\/#primaryimage"},"thumbnailUrl":"https:\/\/www.hypnotherapynearme.net\/wp-content\/uploads\/2023\/07\/sided-view-young-girl-talking-therapist-scaled.jpg","datePublished":"2023-07-31T22:28:11+00:00","dateModified":"2024-03-04T22:23:39+00:00","breadcrumb":{"@id":"https:\/\/www.hypnotherapynearme.net\/hypnotic-gastric-band\/#breadcrumb"},"inLanguage":"pt-PT","potentialAction":[{"@type":"ReadAction","target":["https:\/\/www.hypnotherapynearme.net\/hypnotic-gastric-band\/"]}]},{"@type":"ImageObject","inLanguage":"pt-PT","@id":"https:\/\/www.hypnotherapynearme.net\/hypnotic-gastric-band\/#primaryimage","url":"https:\/\/www.hypnotherapynearme.net\/wp-content\/uploads\/2023\/07\/sided-view-young-girl-talking-therapist-scaled.jpg","contentUrl":"https:\/\/www.hypnotherapynearme.net\/wp-content\/uploads\/2023\/07\/sided-view-young-girl-talking-therapist-scaled.jpg","width":2560,"height":1703},{"@type":"BreadcrumbList","@id":"https:\/\/www.hypnotherapynearme.net\/hypnotic-gastric-band\/#breadcrumb","itemListElement":[{"@type":"ListItem","position":1,"name":"Home","item":"https:\/\/www.hypnotherapynearme.net\/"},{"@type":"ListItem","position":2,"name":"Hypnotic Gastric Band"}]},{"@type":"WebSite","@id":"https:\/\/www.hypnotherapynearme.net\/#website","url":"https:\/\/www.hypnotherapynearme.net\/","name":"Hypnotherapy Near Me","description":"Unlock you potential. Transform your life.","publisher":{"@id":"https:\/\/www.hypnotherapynearme.net\/#organization"},"potentialAction":[{"@type":"SearchAction","target":{"@type":"EntryPoint","urlTemplate":"https:\/\/www.hypnotherapynearme.net\/?s={search_term_string}"},"query-input":{"@type":"PropertyValueSpecification","valueRequired":true,"valueName":"search_term_string"}}],"inLanguage":"pt-PT"},{"@type":"Organization","@id":"https:\/\/www.hypnotherapynearme.net\/#organization","name":"Hypnotherapy Near Me","url":"https:\/\/www.hypnotherapynearme.net\/","logo":{"@type":"ImageObject","inLanguage":"pt-PT","@id":"https:\/\/www.hypnotherapynearme.net\/#\/schema\/logo\/image\/","url":"https:\/\/www.hypnotherapynearme.net\/wp-content\/uploads\/2023\/07\/logo.png","contentUrl":"https:\/\/www.hypnotherapynearme.net\/wp-content\/uploads\/2023\/07\/logo.png","width":500,"height":198,"caption":"Hypnotherapy Near Me"},"image":{"@id":"https:\/\/www.hypnotherapynearme.net\/#\/schema\/logo\/image\/"},"sameAs":["https:\/\/www.facebook.com\/profile.php?id=61550290147246","https:\/\/x.com\/Hypnosis_Near","https:\/\/www.instagram.com\/hypnotherapynearme\/"]}]}},"_links":{"self":[{"href":"https:\/\/www.hypnotherapynearme.net\/pt\/wp-json\/wp\/v2\/pages\/256","targetHints":{"allow":["GET"]}}],"collection":[{"href":"https:\/\/www.hypnotherapynearme.net\/pt\/wp-json\/wp\/v2\/pages"}],"about":[{"href":"https:\/\/www.hypnotherapynearme.net\/pt\/wp-json\/wp\/v2\/types\/page"}],"author":[{"embeddable":true,"href":"https:\/\/www.hypnotherapynearme.net\/pt\/wp-json\/wp\/v2\/users\/1"}],"replies":[{"embeddable":true,"href":"https:\/\/www.hypnotherapynearme.net\/pt\/wp-json\/wp\/v2\/comments?post=256"}],"version-history":[{"count":0,"href":"https:\/\/www.hypnotherapynearme.net\/pt\/wp-json\/wp\/v2\/pages\/256\/revisions"}],"wp:featuredmedia":[{"embeddable":true,"href":"https:\/\/www.hypnotherapynearme.net\/pt\/wp-json\/wp\/v2\/media\/200"}],"wp:attachment":[{"href":"https:\/\/www.hypnotherapynearme.net\/pt\/wp-json\/wp\/v2\/media?parent=256"}],"curies":[{"name":"wp","href":"https:\/\/api.w.org\/{rel}","templated":true}]}}