{"id":227,"date":"2023-07-31T07:28:27","date_gmt":"2023-07-31T07:28:27","guid":{"rendered":"https:\/\/www.hypnotherapynearme.net\/?page_id=227"},"modified":"2023-08-18T00:13:32","modified_gmt":"2023-08-18T00:13:32","slug":"quit-smoking","status":"publish","type":"page","link":"https:\/\/www.hypnotherapynearme.net\/pt\/quit-smoking\/","title":{"rendered":"Parar de Fumar"},"content":{"rendered":"<h2 class=\"wp-block-heading\">Parar de Fumar de forma Permanente e R\u00e1pida<\/h2>\n\n\n\n<div class=\"wp-block-columns is-layout-flex wp-container-core-columns-is-layout-1 wp-block-columns-is-layout-flex\">\n<div class=\"wp-block-column is-layout-flow wp-block-column-is-layout-flow\">\n<figure class=\"wp-block-image aligncenter size-large is-resized\"><img loading=\"lazy\" decoding=\"async\" src=\"https:\/\/www.hypnotherapynearme.net\/wp-content\/uploads\/2023\/07\/lady-addict-white-breaks-lovely-1-edited-scaled.jpg\" alt=\"\" class=\"wp-image-232\" width=\"228\" height=\"127\" srcset=\"https:\/\/www.hypnotherapynearme.net\/wp-content\/uploads\/2023\/07\/lady-addict-white-breaks-lovely-1-edited-scaled.jpg 2560w, https:\/\/www.hypnotherapynearme.net\/wp-content\/uploads\/2023\/07\/lady-addict-white-breaks-lovely-1-edited-300x169.jpg 300w, https:\/\/www.hypnotherapynearme.net\/wp-content\/uploads\/2023\/07\/lady-addict-white-breaks-lovely-1-edited-1024x576.jpg 1024w, https:\/\/www.hypnotherapynearme.net\/wp-content\/uploads\/2023\/07\/lady-addict-white-breaks-lovely-1-edited-768x432.jpg 768w, https:\/\/www.hypnotherapynearme.net\/wp-content\/uploads\/2023\/07\/lady-addict-white-breaks-lovely-1-edited-1536x863.jpg 1536w, https:\/\/www.hypnotherapynearme.net\/wp-content\/uploads\/2023\/07\/lady-addict-white-breaks-lovely-1-edited-2048x1151.jpg 2048w\" sizes=\"auto, (max-width: 228px) 100vw, 228px\" \/><\/figure>\n\n\n\n<p class=\"has-foreground-color has-text-color\"><strong>Trabalhamos na sua capacidade de parar de fumar e manter essa decis\u00e3o por toda a vida<\/strong><\/p>\n<\/div>\n\n\n\n<div class=\"wp-block-column is-layout-flow wp-block-column-is-layout-flow\">\n<figure class=\"wp-block-image aligncenter size-large is-resized\"><img loading=\"lazy\" decoding=\"async\" src=\"https:\/\/www.hypnotherapynearme.net\/wp-content\/uploads\/2023\/07\/stop-smoking-text-made-with-broken-cigarette-tobacco-blue-background-edited-1-scaled.jpg\" alt=\"\" class=\"wp-image-233\" width=\"199\" height=\"128\"\/><\/figure>\n\n\n\n<p class=\"has-foreground-color has-text-color\"><strong>A sess\u00e3o \u00fanica para parar de fumar n\u00e3o \u00e9 apenas uma t\u00e9cnica ou metodologia.<\/strong><\/p>\n<\/div>\n\n\n\n<div class=\"wp-block-column is-layout-flow wp-block-column-is-layout-flow\">\n<figure class=\"wp-block-image aligncenter size-large is-resized\"><img loading=\"lazy\" decoding=\"async\" src=\"https:\/\/www.hypnotherapynearme.net\/wp-content\/uploads\/2023\/07\/man-s-fist-creasing-cigarettes-white-background-edited-scaled.jpg\" alt=\"\" class=\"wp-image-235\" width=\"228\" height=\"128\" srcset=\"https:\/\/www.hypnotherapynearme.net\/wp-content\/uploads\/2023\/07\/man-s-fist-creasing-cigarettes-white-background-edited-scaled.jpg 2560w, https:\/\/www.hypnotherapynearme.net\/wp-content\/uploads\/2023\/07\/man-s-fist-creasing-cigarettes-white-background-edited-300x169.jpg 300w, https:\/\/www.hypnotherapynearme.net\/wp-content\/uploads\/2023\/07\/man-s-fist-creasing-cigarettes-white-background-edited-1024x576.jpg 1024w, https:\/\/www.hypnotherapynearme.net\/wp-content\/uploads\/2023\/07\/man-s-fist-creasing-cigarettes-white-background-edited-768x432.jpg 768w, https:\/\/www.hypnotherapynearme.net\/wp-content\/uploads\/2023\/07\/man-s-fist-creasing-cigarettes-white-background-edited-1536x864.jpg 1536w, https:\/\/www.hypnotherapynearme.net\/wp-content\/uploads\/2023\/07\/man-s-fist-creasing-cigarettes-white-background-edited-2048x1152.jpg 2048w\" sizes=\"auto, (max-width: 228px) 100vw, 228px\" \/><\/figure>\n\n\n\n<p class=\"has-foreground-color has-text-color\"><strong>S\u00e3o diferentes t\u00e9cnicas que, no seu conjunto, t\u00eam ajudado centenas de pessoas a deixar de fumar.<\/strong><\/p>\n<\/div>\n<\/div>\n\n\n\n<p class=\"has-foreground-color has-text-color\">Muitas pessoas tentam parar de fumar usando a for\u00e7a de vontade; no entanto, contra h\u00e1bitos profundamente marcados, torna-se extremamente desafiador. Mas quando voc\u00ea elimina o desejo interior, o desejo de fumar simplesmente desaparece e n\u00e3o \u00e9 necess\u00e1rio nenhum esfor\u00e7o para deixar de fumar.<\/p>\n\n\n\n<p class=\"has-foreground-color has-text-color\">Al\u00e9m disso, n\u00e3o desencadeia impulsos de substitui\u00e7\u00e3o, evitando o ganho de peso que muitas vezes ocorre quando o v\u00edcio n\u00e3o \u00e9 resolvido, compensando a aus\u00eancia de cigarros com lanches constantes. Com a hipnose cl\u00ednica, nada disso acontece.<\/p>\n\n\n\n<p class=\"has-text-align-center has-foreground-color has-text-color has-large-font-size\"><strong>Sess\u00e3o \u00danica<\/strong><\/p>\n\n\n\n<p class=\"has-text-align-center has-primary-color has-text-color has-large-font-size\">95% de Sucesso<\/p>\n\n\n\n<p class=\"has-text-align-center has-foreground-color has-text-color has-large-font-size\"><strong>Pre\u00e7o: 250\u20ac\/250\u00a3<\/strong><\/p>\n\n\n\n<div class=\"wp-block-buttons is-content-justification-center is-layout-flex wp-container-core-buttons-is-layout-1 wp-block-buttons-is-layout-flex\">\n<div class=\"wp-block-button\"><a class=\"wp-block-button__link wp-element-button\" href=\"https:\/\/booking.setmore.com\/scheduleappointment\/c309ef40-76fc-4b0f-8775-b449d9bcff48\/services\/7f07c81a-e6b9-4b71-aa57-e560791d41a4?source=easyshare\">Marque Agora<\/a><\/div>\n<\/div>\n\n\n\n<div class=\"wp-block-columns is-layout-flex wp-container-core-columns-is-layout-3 wp-block-columns-is-layout-flex\">\n<div class=\"wp-block-column is-layout-flow wp-block-column-is-layout-flow\">\n<p class=\"has-text-align-center has-foreground-color has-text-color has-large-font-size\"><strong>Deixe de Fumar Agora<\/strong>!  <\/p>\n\n\n\n<div class=\"wp-block-columns is-layout-flex wp-container-core-columns-is-layout-2 wp-block-columns-is-layout-flex\">\n<div class=\"wp-block-column is-layout-flow wp-block-column-is-layout-flow\">\n<figure class=\"wp-block-image size-large is-resized\"><img loading=\"lazy\" decoding=\"async\" src=\"https:\/\/www.hypnotherapynearme.net\/wp-content\/uploads\/2023\/07\/close-up-man-gray-t-shirt-showing-no-smoking-sign-against-white-background-1-1008x1024.jpg\" alt=\"\" class=\"wp-image-244\" width=\"358\" height=\"363\" srcset=\"https:\/\/www.hypnotherapynearme.net\/wp-content\/uploads\/2023\/07\/close-up-man-gray-t-shirt-showing-no-smoking-sign-against-white-background-1-1008x1024.jpg 1008w, https:\/\/www.hypnotherapynearme.net\/wp-content\/uploads\/2023\/07\/close-up-man-gray-t-shirt-showing-no-smoking-sign-against-white-background-1-295x300.jpg 295w, https:\/\/www.hypnotherapynearme.net\/wp-content\/uploads\/2023\/07\/close-up-man-gray-t-shirt-showing-no-smoking-sign-against-white-background-1-768x780.jpg 768w, https:\/\/www.hypnotherapynearme.net\/wp-content\/uploads\/2023\/07\/close-up-man-gray-t-shirt-showing-no-smoking-sign-against-white-background-1-1513x1536.jpg 1513w, https:\/\/www.hypnotherapynearme.net\/wp-content\/uploads\/2023\/07\/close-up-man-gray-t-shirt-showing-no-smoking-sign-against-white-background-1-2017x2048.jpg 2017w\" sizes=\"auto, (max-width: 358px) 100vw, 358px\" \/><\/figure>\n<\/div>\n\n\n\n<div class=\"wp-block-column is-layout-flow wp-block-column-is-layout-flow\">\n<p class=\"has-foreground-color has-text-color\"><strong>Deixe de Fumar de uma forma Permanente e R\u00e1pida<\/strong><br>Com uma taxa de sucesso acima de 95%, centenas de pessoas j\u00e1 pararam de fumar atrav\u00e9s da hipnose. Sem efeitos colaterais, sem reca\u00eddas e sem ganho de peso. A raz\u00e3o pela qual a hipnose \u00e9 t\u00e3o eficaz para parar de fumar \u00e9 que ela aborda o impulso de fumar na nossa mente subconsciente.<\/p>\n\n\n\n<p class=\"has-primary-color has-text-color has-medium-font-size\"><strong>Ser\u00e1 mais feliz, saud\u00e1vel e com mais energia!<\/strong><\/p>\n<\/div>\n<\/div>\n<\/div>\n<\/div>\n\n\n\n<div class=\"wp-block-buttons is-content-justification-center is-layout-flex wp-container-core-buttons-is-layout-2 wp-block-buttons-is-layout-flex\">\n<div class=\"wp-block-button\"><a class=\"wp-block-button__link wp-element-button\" href=\"https:\/\/booking.setmore.com\/scheduleappointment\/c309ef40-76fc-4b0f-8775-b449d9bcff48\/services\/7f07c81a-e6b9-4b71-aa57-e560791d41a4?source=easyshare\">Marque Agora<\/a><\/div>\n<\/div>\n\n\n\n<figure class=\"wp-block-video\"><video controls src=\"https:\/\/www.hypnotherapynearme.net\/wp-content\/uploads\/2023\/08\/Sequence-01-1.mp4\"><\/video><\/figure>\n\n\n\n<figure class=\"wp-block-image size-full is-resized\"><img loading=\"lazy\" decoding=\"async\" src=\"https:\/\/www.hypnotherapynearme.net\/wp-content\/uploads\/2023\/07\/logo.png\" alt=\"\" class=\"wp-image-222\" width=\"750\" height=\"297\" srcset=\"https:\/\/www.hypnotherapynearme.net\/wp-content\/uploads\/2023\/07\/logo.png 500w, https:\/\/www.hypnotherapynearme.net\/wp-content\/uploads\/2023\/07\/logo-300x119.png 300w\" sizes=\"auto, (max-width: 750px) 100vw, 750px\" \/><\/figure>\n\n\n\n<div class=\"wp-block-buttons is-content-justification-center is-layout-flex wp-container-core-buttons-is-layout-3 wp-block-buttons-is-layout-flex\">\n<div class=\"wp-block-button\"><a class=\"wp-block-button__link wp-element-button\" href=\"https:\/\/www.hypnotherapynearme.net\/pt\/book-now-your-appointment\/\">Marque a <strong>a sua Primeira<\/strong> Consulta GRATUITA AGORA<\/a><\/div>\n<\/div>","protected":false},"excerpt":{"rendered":"<p>Quit Smoking Quickly and Permanently We work on the ability to quit smoking and maintain [&hellip;]<\/p>","protected":false},"author":1,"featured_media":200,"parent":0,"menu_order":0,"comment_status":"closed","ping_status":"open","template":"","meta":{"footnotes":""},"class_list":["post-227","page","type-page","status-publish","has-post-thumbnail","hentry"],"yoast_head":"<!-- This site is optimized with the Yoast SEO plugin v23.6 - https:\/\/yoast.com\/wordpress\/plugins\/seo\/ -->\n<title>Quit Smoking - Hypnotherapy<\/title>\n<meta name=\"robots\" content=\"index, follow, max-snippet:-1, max-image-preview:large, max-video-preview:-1\" \/>\n<link rel=\"canonical\" href=\"https:\/\/www.hypnotherapynearme.net\/pt\/quit-smoking\/\" \/>\n<meta property=\"og:locale\" content=\"pt_PT\" \/>\n<meta property=\"og:type\" content=\"article\" \/>\n<meta property=\"og:title\" content=\"Quit Smoking - Hypnotherapy\" \/>\n<meta property=\"og:description\" content=\"Quit Smoking Quickly and Permanently We work on the ability to quit smoking and maintain [&hellip;]\" \/>\n<meta property=\"og:url\" content=\"https:\/\/www.hypnotherapynearme.net\/pt\/quit-smoking\/\" \/>\n<meta property=\"og:site_name\" content=\"Hypnotherapy\" \/>\n<meta property=\"article:publisher\" content=\"https:\/\/www.facebook.com\/profile.php?id=61550290147246\" \/>\n<meta property=\"article:modified_time\" content=\"2023-08-18T00:13:32+00:00\" \/>\n<meta property=\"og:image\" content=\"https:\/\/www.hypnotherapynearme.net\/wp-content\/uploads\/2023\/07\/sided-view-young-girl-talking-therapist-scaled.jpg\" \/>\n\t<meta property=\"og:image:width\" content=\"2560\" \/>\n\t<meta property=\"og:image:height\" content=\"1703\" \/>\n\t<meta property=\"og:image:type\" content=\"image\/jpeg\" \/>\n<meta name=\"twitter:card\" content=\"summary_large_image\" \/>\n<meta name=\"twitter:site\" content=\"@Hypnosis_Near\" \/>\n<meta name=\"twitter:label1\" content=\"Tempo estimado de leitura\" \/>\n\t<meta name=\"twitter:data1\" content=\"1 minuto\" \/>\n<script type=\"application\/ld+json\" class=\"yoast-schema-graph\">{\"@context\":\"https:\/\/schema.org\",\"@graph\":[{\"@type\":\"WebPage\",\"@id\":\"https:\/\/www.hypnotherapynearme.net\/quit-smoking\/\",\"url\":\"https:\/\/www.hypnotherapynearme.net\/quit-smoking\/\",\"name\":\"Quit Smoking - Hypnotherapy\",\"isPartOf\":{\"@id\":\"https:\/\/www.hypnotherapynearme.net\/#website\"},\"primaryImageOfPage\":{\"@id\":\"https:\/\/www.hypnotherapynearme.net\/quit-smoking\/#primaryimage\"},\"image\":{\"@id\":\"https:\/\/www.hypnotherapynearme.net\/quit-smoking\/#primaryimage\"},\"thumbnailUrl\":\"https:\/\/www.hypnotherapynearme.net\/wp-content\/uploads\/2023\/07\/sided-view-young-girl-talking-therapist-scaled.jpg\",\"datePublished\":\"2023-07-31T07:28:27+00:00\",\"dateModified\":\"2023-08-18T00:13:32+00:00\",\"breadcrumb\":{\"@id\":\"https:\/\/www.hypnotherapynearme.net\/quit-smoking\/#breadcrumb\"},\"inLanguage\":\"pt-PT\",\"potentialAction\":[{\"@type\":\"ReadAction\",\"target\":[\"https:\/\/www.hypnotherapynearme.net\/quit-smoking\/\"]}]},{\"@type\":\"ImageObject\",\"inLanguage\":\"pt-PT\",\"@id\":\"https:\/\/www.hypnotherapynearme.net\/quit-smoking\/#primaryimage\",\"url\":\"https:\/\/www.hypnotherapynearme.net\/wp-content\/uploads\/2023\/07\/sided-view-young-girl-talking-therapist-scaled.jpg\",\"contentUrl\":\"https:\/\/www.hypnotherapynearme.net\/wp-content\/uploads\/2023\/07\/sided-view-young-girl-talking-therapist-scaled.jpg\",\"width\":2560,\"height\":1703},{\"@type\":\"BreadcrumbList\",\"@id\":\"https:\/\/www.hypnotherapynearme.net\/quit-smoking\/#breadcrumb\",\"itemListElement\":[{\"@type\":\"ListItem\",\"position\":1,\"name\":\"Home\",\"item\":\"https:\/\/www.hypnotherapynearme.net\/\"},{\"@type\":\"ListItem\",\"position\":2,\"name\":\"Quit Smoking\"}]},{\"@type\":\"WebSite\",\"@id\":\"https:\/\/www.hypnotherapynearme.net\/#website\",\"url\":\"https:\/\/www.hypnotherapynearme.net\/\",\"name\":\"Hypnotherapy Near Me\",\"description\":\"Unlock you potential. Transform your life.\",\"publisher\":{\"@id\":\"https:\/\/www.hypnotherapynearme.net\/#organization\"},\"potentialAction\":[{\"@type\":\"SearchAction\",\"target\":{\"@type\":\"EntryPoint\",\"urlTemplate\":\"https:\/\/www.hypnotherapynearme.net\/?s={search_term_string}\"},\"query-input\":{\"@type\":\"PropertyValueSpecification\",\"valueRequired\":true,\"valueName\":\"search_term_string\"}}],\"inLanguage\":\"pt-PT\"},{\"@type\":\"Organization\",\"@id\":\"https:\/\/www.hypnotherapynearme.net\/#organization\",\"name\":\"Hypnotherapy Near Me\",\"url\":\"https:\/\/www.hypnotherapynearme.net\/\",\"logo\":{\"@type\":\"ImageObject\",\"inLanguage\":\"pt-PT\",\"@id\":\"https:\/\/www.hypnotherapynearme.net\/#\/schema\/logo\/image\/\",\"url\":\"https:\/\/www.hypnotherapynearme.net\/wp-content\/uploads\/2023\/07\/logo.png\",\"contentUrl\":\"https:\/\/www.hypnotherapynearme.net\/wp-content\/uploads\/2023\/07\/logo.png\",\"width\":500,\"height\":198,\"caption\":\"Hypnotherapy Near Me\"},\"image\":{\"@id\":\"https:\/\/www.hypnotherapynearme.net\/#\/schema\/logo\/image\/\"},\"sameAs\":[\"https:\/\/www.facebook.com\/profile.php?id=61550290147246\",\"https:\/\/x.com\/Hypnosis_Near\",\"https:\/\/www.instagram.com\/hypnotherapynearme\/\"]}]}<\/script>\n<!-- \/ Yoast SEO plugin. -->","yoast_head_json":{"title":"Quit Smoking - Hypnotherapy","robots":{"index":"index","follow":"follow","max-snippet":"max-snippet:-1","max-image-preview":"max-image-preview:large","max-video-preview":"max-video-preview:-1"},"canonical":"https:\/\/www.hypnotherapynearme.net\/pt\/quit-smoking\/","og_locale":"pt_PT","og_type":"article","og_title":"Quit Smoking - Hypnotherapy","og_description":"Quit Smoking Quickly and Permanently We work on the ability to quit smoking and maintain [&hellip;]","og_url":"https:\/\/www.hypnotherapynearme.net\/pt\/quit-smoking\/","og_site_name":"Hypnotherapy","article_publisher":"https:\/\/www.facebook.com\/profile.php?id=61550290147246","article_modified_time":"2023-08-18T00:13:32+00:00","og_image":[{"width":2560,"height":1703,"url":"https:\/\/www.hypnotherapynearme.net\/wp-content\/uploads\/2023\/07\/sided-view-young-girl-talking-therapist-scaled.jpg","type":"image\/jpeg"}],"twitter_card":"summary_large_image","twitter_site":"@Hypnosis_Near","twitter_misc":{"Tempo estimado de leitura":"1 minuto"},"schema":{"@context":"https:\/\/schema.org","@graph":[{"@type":"WebPage","@id":"https:\/\/www.hypnotherapynearme.net\/quit-smoking\/","url":"https:\/\/www.hypnotherapynearme.net\/quit-smoking\/","name":"Quit Smoking - Hypnotherapy","isPartOf":{"@id":"https:\/\/www.hypnotherapynearme.net\/#website"},"primaryImageOfPage":{"@id":"https:\/\/www.hypnotherapynearme.net\/quit-smoking\/#primaryimage"},"image":{"@id":"https:\/\/www.hypnotherapynearme.net\/quit-smoking\/#primaryimage"},"thumbnailUrl":"https:\/\/www.hypnotherapynearme.net\/wp-content\/uploads\/2023\/07\/sided-view-young-girl-talking-therapist-scaled.jpg","datePublished":"2023-07-31T07:28:27+00:00","dateModified":"2023-08-18T00:13:32+00:00","breadcrumb":{"@id":"https:\/\/www.hypnotherapynearme.net\/quit-smoking\/#breadcrumb"},"inLanguage":"pt-PT","potentialAction":[{"@type":"ReadAction","target":["https:\/\/www.hypnotherapynearme.net\/quit-smoking\/"]}]},{"@type":"ImageObject","inLanguage":"pt-PT","@id":"https:\/\/www.hypnotherapynearme.net\/quit-smoking\/#primaryimage","url":"https:\/\/www.hypnotherapynearme.net\/wp-content\/uploads\/2023\/07\/sided-view-young-girl-talking-therapist-scaled.jpg","contentUrl":"https:\/\/www.hypnotherapynearme.net\/wp-content\/uploads\/2023\/07\/sided-view-young-girl-talking-therapist-scaled.jpg","width":2560,"height":1703},{"@type":"BreadcrumbList","@id":"https:\/\/www.hypnotherapynearme.net\/quit-smoking\/#breadcrumb","itemListElement":[{"@type":"ListItem","position":1,"name":"Home","item":"https:\/\/www.hypnotherapynearme.net\/"},{"@type":"ListItem","position":2,"name":"Quit Smoking"}]},{"@type":"WebSite","@id":"https:\/\/www.hypnotherapynearme.net\/#website","url":"https:\/\/www.hypnotherapynearme.net\/","name":"Hypnotherapy Near Me","description":"Unlock you potential. Transform your life.","publisher":{"@id":"https:\/\/www.hypnotherapynearme.net\/#organization"},"potentialAction":[{"@type":"SearchAction","target":{"@type":"EntryPoint","urlTemplate":"https:\/\/www.hypnotherapynearme.net\/?s={search_term_string}"},"query-input":{"@type":"PropertyValueSpecification","valueRequired":true,"valueName":"search_term_string"}}],"inLanguage":"pt-PT"},{"@type":"Organization","@id":"https:\/\/www.hypnotherapynearme.net\/#organization","name":"Hypnotherapy Near Me","url":"https:\/\/www.hypnotherapynearme.net\/","logo":{"@type":"ImageObject","inLanguage":"pt-PT","@id":"https:\/\/www.hypnotherapynearme.net\/#\/schema\/logo\/image\/","url":"https:\/\/www.hypnotherapynearme.net\/wp-content\/uploads\/2023\/07\/logo.png","contentUrl":"https:\/\/www.hypnotherapynearme.net\/wp-content\/uploads\/2023\/07\/logo.png","width":500,"height":198,"caption":"Hypnotherapy Near Me"},"image":{"@id":"https:\/\/www.hypnotherapynearme.net\/#\/schema\/logo\/image\/"},"sameAs":["https:\/\/www.facebook.com\/profile.php?id=61550290147246","https:\/\/x.com\/Hypnosis_Near","https:\/\/www.instagram.com\/hypnotherapynearme\/"]}]}},"_links":{"self":[{"href":"https:\/\/www.hypnotherapynearme.net\/pt\/wp-json\/wp\/v2\/pages\/227","targetHints":{"allow":["GET"]}}],"collection":[{"href":"https:\/\/www.hypnotherapynearme.net\/pt\/wp-json\/wp\/v2\/pages"}],"about":[{"href":"https:\/\/www.hypnotherapynearme.net\/pt\/wp-json\/wp\/v2\/types\/page"}],"author":[{"embeddable":true,"href":"https:\/\/www.hypnotherapynearme.net\/pt\/wp-json\/wp\/v2\/users\/1"}],"replies":[{"embeddable":true,"href":"https:\/\/www.hypnotherapynearme.net\/pt\/wp-json\/wp\/v2\/comments?post=227"}],"version-history":[{"count":0,"href":"https:\/\/www.hypnotherapynearme.net\/pt\/wp-json\/wp\/v2\/pages\/227\/revisions"}],"wp:featuredmedia":[{"embeddable":true,"href":"https:\/\/www.hypnotherapynearme.net\/pt\/wp-json\/wp\/v2\/media\/200"}],"wp:attachment":[{"href":"https:\/\/www.hypnotherapynearme.net\/pt\/wp-json\/wp\/v2\/media?parent=227"}],"curies":[{"name":"wp","href":"https:\/\/api.w.org\/{rel}","templated":true}]}}